{"id":867,"date":"2021-06-09T17:30:33","date_gmt":"2021-06-09T17:30:33","guid":{"rendered":"https:\/\/epds.hu\/?page_id=867"},"modified":"2021-06-09T18:10:29","modified_gmt":"2021-06-09T18:10:29","slug":"exrfid-tag","status":"publish","type":"page","link":"https:\/\/epds.hu\/en\/industrial-explosion-proof-devices-epds-compatible-hardware\/exrfid-tag\/","title":{"rendered":"ExRFID Tag"},"content":{"rendered":"<p><div class=\"fusion-fullwidth fullwidth-box fusion-builder-row-1 fusion-parallax-none hundred-percent-fullwidth non-hundred-percent-height-scrolling lazyload\" style=\"background-color: rgba(255,255,255,0);background-position: center bottom;background-repeat: no-repeat;padding-top:87px;padding-right:0px;padding-bottom:187px;padding-left:0px;border-width: 0px 0px 0px 0px;border-color:#eae9e9;border-style:solid;-webkit-background-size:cover;-moz-background-size:cover;-o-background-size:cover;background-size:cover;\" data-bg=\"https:\/\/epds.hu\/wp-content\/uploads\/2018\/08\/epds_header_bg_03.jpg\" ><div class=\"fusion-builder-row fusion-row\"><div class=\"fusion-layout-column fusion_builder_column fusion-builder-column-0 fusion_builder_column_1_1 1_1 fusion-one-full fusion-column-first fusion-column-last\" style=\"margin-top:0px;margin-bottom:0px;\"><div class=\"fusion-column-wrapper fusion-flex-column-wrapper-legacy\" style=\"background-position:left top;background-repeat:no-repeat;-webkit-background-size:cover;-moz-background-size:cover;-o-background-size:cover;background-size:cover;padding: 0px 0px 0px 0px;\"><style type=\"text\/css\"><\/style><div class=\"fusion-title title fusion-title-1 fusion-sep-none fusion-title-text fusion-title-size-one\" style=\"margin-top:0px;margin-bottom:30px;\"><h1 class=\"title-heading-left\" style=\"margin:0;\"><h1 style=\"text-align: center;\">Explosion-Proof RFID Tag<\/h1><\/h1><\/div><div class=\"fusion-clearfix\"><\/div><\/div><\/div><\/div><\/div><div class=\"fusion-fullwidth fullwidth-box fusion-builder-row-2 fusion-flex-container nonhundred-percent-fullwidth non-hundred-percent-height-scrolling\" style=\"background-color: rgba(255,255,255,0);background-position: center center;background-repeat: no-repeat;border-width: 0px 0px 0px 0px;border-color:#eae9e9;border-style:solid;\" ><div class=\"fusion-builder-row fusion-row fusion-flex-align-items-flex-start\" style=\"max-width:977.6px;margin-left: calc(-4% \/ 2 );margin-right: calc(-4% \/ 2 );\"><div class=\"fusion-layout-column fusion_builder_column fusion-builder-column-1 fusion_builder_column_2_3 2_3 fusion-flex-column\"><div class=\"fusion-column-wrapper fusion-flex-justify-content-flex-start fusion-content-layout-column\" style=\"background-position:left top;background-repeat:no-repeat;-webkit-background-size:cover;-moz-background-size:cover;-o-background-size:cover;background-size:cover;padding: 0px 0px 0px 0px;\"><div class=\"fusion-text fusion-text-1\"><div class=\"fusion-layout-column fusion_builder_column fusion-builder-column-9 fusion_builder_column_1_1 1_1 fusion-one-full fusion-column-first fusion-column-last\">\n<div class=\"fusion-column-wrapper fusion-flex-column-wrapper-legacy\">\n<div class=\"fusion-text fusion-text-6\">\n<h2>+ ExRFID SA1 TAG<\/h2>\n<p>The ATEX Directive\/IECEx Scheme and related standards like EN (IEC) 60079 and ISO 80079 define the mandatory lifetime tracking, for the total lifetime of one installation being installed in a possible hazardous area is EX proof. Ex proof means each installation has to be identified.<\/p>\n<\/div>\n<div class=\"fusion-clearfix\">\n<p><strong>ExRFID SA1 tag makes it happen in a cost effective way for longterm operation.<\/strong><\/p>\n<ul>\n<li class=\"benefit\">Passive RFID tag<\/li>\n<li class=\"benefit\">Simple apparatus according to IEC 60079-14<\/li>\n<li>Applicable hazardous area classification<br \/>\n<span style=\"color: #808080;\">Zone 1 IIC T6 \/ Zone 21 IIIC 85\u00b0C an ambient temperature Tamb 40\u00b0C<br \/>\n<\/span><span style=\"color: #808080;\">Zone 1 IIC T5 \/ Zone 21 IIIC 100\u00b0C at an ambient temperature Tamb 60\u00b0C<\/span><\/li>\n<\/ul>\n<\/div>\n<\/div>\n<\/div>\n<\/div><div class=\"fusion-separator fusion-full-width-sep\" style=\"align-self: center;margin-left: auto;margin-right: auto;margin-bottom:20px;width:100%;\"><\/div><\/div><\/div><style type=\"text\/css\">.fusion-body .fusion-builder-column-1{width:66.666666666667% !important;margin-top : 0px;margin-bottom : 0px;}.fusion-builder-column-1 > .fusion-column-wrapper {padding-top : 0px !important;padding-right : 0px !important;margin-right : 2.88%;padding-bottom : 0px !important;padding-left : 0px !important;margin-left : 2.88%;}@media only screen and (max-width:1024px) {.fusion-body .fusion-builder-column-1{width:100% !important;order : 0;}.fusion-builder-column-1 > .fusion-column-wrapper {margin-right : 1.92%;margin-left : 1.92%;}}@media only screen and (max-width:640px) {.fusion-body .fusion-builder-column-1{width:100% !important;order : 0;}.fusion-builder-column-1 > .fusion-column-wrapper {margin-right : 1.92%;margin-left : 1.92%;}}<\/style><div class=\"fusion-layout-column fusion_builder_column fusion-builder-column-2 fusion_builder_column_1_3 1_3 fusion-flex-column fusion-flex-align-self-stretch\"><div class=\"fusion-column-wrapper fusion-flex-justify-content-space-evenly fusion-content-layout-column\" style=\"background-position:left top;background-repeat:no-repeat;-webkit-background-size:cover;-moz-background-size:cover;-o-background-size:cover;background-size:cover;padding: 0px 0px 0px 0px;\"><div style=\"text-align:center;\"><span class=\" fusion-imageframe imageframe-none imageframe-1 hover-type-none fusion-animated\" data-animationType=\"slideInRight\" data-animationDuration=\"1.5\" data-animationOffset=\"100%\"><img decoding=\"async\" src=\"data:image\/gif;base64,R0lGODlhAQABAAAAACH5BAEKAAEALAAAAAABAAEAAAICTAEAOw==\" data-orig-src=\"https:\/\/epds.hu\/wp-content\/uploads\/2021\/05\/exrfidtag-3-e1622040356560.png\" class=\"lazyload img-responsive\"\/><\/span><\/div><\/div><\/div><style type=\"text\/css\">.fusion-body .fusion-builder-column-2{width:33.333333333333% !important;margin-top : 10px;margin-bottom : 10px;}.fusion-builder-column-2 > .fusion-column-wrapper {padding-top : 0px !important;padding-right : 0px !important;margin-right : 5.76%;padding-bottom : 0px !important;padding-left : 0px !important;margin-left : 5.76%;}@media only screen and (max-width:1024px) {.fusion-body .fusion-builder-column-2{width:100% !important;order : 0;}.fusion-builder-column-2 > .fusion-column-wrapper {margin-right : 1.92%;margin-left : 1.92%;}}@media only screen and (max-width:640px) {.fusion-body .fusion-builder-column-2{width:100% !important;order : 0;}.fusion-builder-column-2 > .fusion-column-wrapper {margin-right : 1.92%;margin-left : 1.92%;}}<\/style><\/div><style type=\"text\/css\">.fusion-body .fusion-flex-container.fusion-builder-row-2{ padding-top : 0px;margin-top : 0px;padding-right : 0px;padding-bottom : 0px;margin-bottom : 0px;padding-left : 0px;}<\/style><\/div><div class=\"fusion-fullwidth fullwidth-box fusion-builder-row-3 fusion-flex-container nonhundred-percent-fullwidth non-hundred-percent-height-scrolling\" style=\"background-color: rgba(255,255,255,0);background-position: center center;background-repeat: no-repeat;border-width: 0px 0px 0px 0px;border-color:#eae9e9;border-style:solid;\" ><div class=\"fusion-builder-row fusion-row fusion-flex-align-items-flex-start\" style=\"max-width:977.6px;margin-left: calc(-4% \/ 2 );margin-right: calc(-4% \/ 2 );\"><div class=\"fusion-layout-column fusion_builder_column fusion-builder-column-3 fusion_builder_column_1_1 1_1 fusion-flex-column\"><div class=\"fusion-column-wrapper fusion-flex-justify-content-flex-start fusion-content-layout-column\" style=\"background-position:left top;background-repeat:no-repeat;-webkit-background-size:cover;-moz-background-size:cover;-o-background-size:cover;background-size:cover;padding: 0px 0px 0px 0px;\"><div class=\"fusion-text fusion-text-2\"><h2>DENTIFICATION OF ANY INSTALLATION IN POSSIBLE HAZARDOUS AREAS<\/h2>\n<p>The ExRFID SA1 has to be installed on each device operated in possible hazardous areas, you need to read it out and then in a database (sheets of maintainance, repair and inspections) it has to managed. Possible solution: tablet, smart phone, RFID reader, and EPDS software<\/p>\n<div class=\"benefit\">\n<ul>\n<li class=\"list\">ID for mandatory lifetime tracking according to IEC 60079-14<\/li>\n<li class=\"list\">Real time identification<\/li>\n<li>All assets can be tracked easily<\/li>\n<li class=\"list\">Follow up inspection, operation, maintenance, repair<\/li>\n<li class=\"list\">Connected via Ex field device, and managed by the EBDS software<\/li>\n<\/ul>\n<\/div>\n<\/div><div style=\"text-align:center;\"><span class=\" fusion-imageframe imageframe-none imageframe-2 hover-type-none\"><img decoding=\"async\" width=\"1000\" height=\"300\" alt=\"Robban\u00e1sbiztos RFID \u00e9s ipari tablet integr\u00e1ci\u00f3 EPDS megfelel\u0151s\u00e9gi rendszerrel\" title=\"rfidtag m\u0171k\u00f6d\u00e9s\" src=\"https:\/\/epds.hu\/wp-content\/uploads\/2021\/06\/rfidtag-mukodes.png\" data-orig-src=\"https:\/\/epds.hu\/wp-content\/uploads\/2021\/06\/rfidtag-mukodes.png\" class=\"lazyload img-responsive wp-image-859\" srcset=\"data:image\/svg+xml,%3Csvg%20xmlns%3D%27http%3A%2F%2Fwww.w3.org%2F2000%2Fsvg%27%20width%3D%271000%27%20height%3D%27300%27%20viewBox%3D%270%200%201000%20300%27%3E%3Crect%20width%3D%271000%27%20height%3D%273300%27%20fill-opacity%3D%220%22%2F%3E%3C%2Fsvg%3E\" data-srcset=\"https:\/\/epds.hu\/wp-content\/uploads\/2021\/06\/rfidtag-mukodes-200x60.png 200w, https:\/\/epds.hu\/wp-content\/uploads\/2021\/06\/rfidtag-mukodes-400x120.png 400w, https:\/\/epds.hu\/wp-content\/uploads\/2021\/06\/rfidtag-mukodes-600x180.png 600w, https:\/\/epds.hu\/wp-content\/uploads\/2021\/06\/rfidtag-mukodes-800x240.png 800w, https:\/\/epds.hu\/wp-content\/uploads\/2021\/06\/rfidtag-mukodes.png 1000w\" data-sizes=\"auto\" data-orig-sizes=\"(max-width: 1024px) 100vw, (max-width: 640px) 100vw, 1000px\" \/><\/span><\/div><div class=\"fusion-separator fusion-full-width-sep\" style=\"align-self: center;margin-left: auto;margin-right: auto;margin-top:20px;margin-bottom:20px;width:100%;\"><\/div><\/div><\/div><style type=\"text\/css\">.fusion-body .fusion-builder-column-3{width:100% !important;margin-top : 20px;margin-bottom : 0px;}.fusion-builder-column-3 > .fusion-column-wrapper {padding-top : 0px !important;padding-right : 0px !important;margin-right : 1.92%;padding-bottom : 0px !important;padding-left : 0px !important;margin-left : 1.92%;}@media only screen and (max-width:1024px) {.fusion-body .fusion-builder-column-3{width:100% !important;order : 0;}.fusion-builder-column-3 > .fusion-column-wrapper {margin-right : 1.92%;margin-left : 1.92%;}}@media only screen and (max-width:640px) {.fusion-body .fusion-builder-column-3{width:100% !important;order : 0;}.fusion-builder-column-3 > .fusion-column-wrapper {margin-right : 1.92%;margin-left : 1.92%;}}<\/style><div class=\"fusion-layout-column fusion_builder_column fusion-builder-column-4 fusion_builder_column_1_1 1_1 fusion-flex-column\"><div class=\"fusion-column-wrapper fusion-flex-justify-content-flex-start fusion-content-layout-column\" style=\"background-position:left top;background-repeat:no-repeat;-webkit-background-size:cover;-moz-background-size:cover;-o-background-size:cover;background-size:cover;padding: 0px 0px 0px 0px;\"><div class=\"fusion-text fusion-text-3\"><header>\n<header>\n<h2 class=\"headline\">TECHNICAL FEATURES<\/h2>\n<\/header>\n<\/header>\n<\/div><div class=\"fusion-text fusion-text-4\"><ul>\n<li>13.56 MHz operating frequency<\/li>\n<li>ISO\/IEC 15693-2,-3; ISO\/IEC 18000-3 Compliant<\/li>\n<li>256-Bit User Memory in 8 x 32-Bit Blocks<\/li>\n<li>user and Factory Lock Per Block<\/li>\n<li>Application Family Identifier (AFI)<\/li>\n<li>Fast Simultaneous Identification (Anti-Collision)<\/li>\n<li>operating temperature: -25\u00b0C to 90\u00b0C<\/li>\n<li>storage temperature: -40\u00b0C to 120\u00b0C (130\u00b0C for total 50hrs, 220\u00b0C for total 30s)<\/li>\n<li>data retention time (at 25\u00b0C): &gt;10yrs<\/li>\n<li>dimensions: \u00d8 22 \u00b1 0.2 mm x 3 \u00b1 0.2 mm<\/li>\n<li>weight: 2.1 \u00b1 0.2 gramm<\/li>\n<li>protection class: IP68<\/li>\n<li>vibration: ISO\/IEC 68.2.6 (10 g, 10 to 2000 Hz, 3 axis, 2.5 h)<\/li>\n<li>mechanical shock: ISO\/IEC 68.2.27 (100 g, 6 ms, 6 axis, 20 times per axis)<\/li>\n<li>mechanical stability: Axial compression strength: 1000N (10 s, static) Radial compression strength: 500N (10 s, static) Isostatic water pressure: 45 bar (10 h)<\/li>\n<li><a href=\"http:\/\/www.exrfidtag.veproil.hu\/files\/eu_declaration_of_conformity.pdf\" target=\"_blank\" rel=\"noopener\">EU Declaration of Conformity<\/a><\/li>\n<\/ul>\n<\/div><div class=\"fusion-separator fusion-full-width-sep\" style=\"align-self: center;margin-left: auto;margin-right: auto;margin-top:20px;margin-bottom:40px;width:100%;\"><\/div><\/div><\/div><style type=\"text\/css\">.fusion-body .fusion-builder-column-4{width:100% !important;margin-top : 0px;margin-bottom : 0px;}.fusion-builder-column-4 > .fusion-column-wrapper {padding-top : 0px !important;padding-right : 0px !important;margin-right : 1.92%;padding-bottom : 0px !important;padding-left : 0px !important;margin-left : 1.92%;}@media only screen and (max-width:1024px) {.fusion-body .fusion-builder-column-4{width:100% !important;order : 0;}.fusion-builder-column-4 > .fusion-column-wrapper {margin-right : 1.92%;margin-left : 1.92%;}}@media only screen and (max-width:640px) {.fusion-body .fusion-builder-column-4{width:100% !important;order : 0;}.fusion-builder-column-4 > .fusion-column-wrapper {margin-right : 1.92%;margin-left : 1.92%;}}<\/style><\/div><style type=\"text\/css\">.fusion-body .fusion-flex-container.fusion-builder-row-3{ padding-top : 0px;margin-top : 0px;padding-right : 0px;padding-bottom : 0px;margin-bottom : 0px;padding-left : 0px;}<\/style><\/div><\/p>\n","protected":false},"excerpt":{"rendered":"","protected":false},"author":5,"featured_media":0,"parent":645,"menu_order":0,"comment_status":"closed","ping_status":"closed","template":"100-width.php","meta":{"footnotes":""},"class_list":["post-867","page","type-page","status-publish","hentry"],"yoast_head":"<!-- This site is optimized with the Yoast SEO plugin v27.3 - https:\/\/yoast.com\/product\/yoast-seo-wordpress\/ -->\n<title>ExRFID Tag - EPDS<\/title>\n<meta name=\"robots\" content=\"index, follow, max-snippet:-1, max-image-preview:large, max-video-preview:-1\" \/>\n<link rel=\"canonical\" href=\"https:\/\/epds.hu\/en\/industrial-explosion-proof-devices-epds-compatible-hardware\/exrfid-tag\/\" \/>\n<meta property=\"og:locale\" content=\"en_US\" \/>\n<meta property=\"og:type\" content=\"article\" \/>\n<meta property=\"og:title\" content=\"ExRFID Tag - EPDS\" \/>\n<meta property=\"og:url\" content=\"https:\/\/epds.hu\/en\/industrial-explosion-proof-devices-epds-compatible-hardware\/exrfid-tag\/\" \/>\n<meta property=\"og:site_name\" content=\"EPDS\" \/>\n<meta property=\"article:publisher\" content=\"https:\/\/www.facebook.com\/epdskft\" \/>\n<meta property=\"article:modified_time\" content=\"2021-06-09T18:10:29+00:00\" \/>\n<meta name=\"twitter:card\" content=\"summary_large_image\" \/>\n<meta name=\"twitter:label1\" content=\"Est. reading time\" \/>\n\t<meta name=\"twitter:data1\" content=\"16 minutes\" \/>\n<script type=\"application\/ld+json\" class=\"yoast-schema-graph\">{\"@context\":\"https:\\\/\\\/schema.org\",\"@graph\":[{\"@type\":\"WebPage\",\"@id\":\"https:\\\/\\\/epds.hu\\\/en\\\/industrial-explosion-proof-devices-epds-compatible-hardware\\\/exrfid-tag\\\/\",\"url\":\"https:\\\/\\\/epds.hu\\\/en\\\/industrial-explosion-proof-devices-epds-compatible-hardware\\\/exrfid-tag\\\/\",\"name\":\"ExRFID Tag - EPDS\",\"isPartOf\":{\"@id\":\"https:\\\/\\\/epds.hu\\\/en\\\/#website\"},\"datePublished\":\"2021-06-09T17:30:33+00:00\",\"dateModified\":\"2021-06-09T18:10:29+00:00\",\"breadcrumb\":{\"@id\":\"https:\\\/\\\/epds.hu\\\/en\\\/industrial-explosion-proof-devices-epds-compatible-hardware\\\/exrfid-tag\\\/#breadcrumb\"},\"inLanguage\":\"en-US\",\"potentialAction\":[{\"@type\":\"ReadAction\",\"target\":[\"https:\\\/\\\/epds.hu\\\/en\\\/industrial-explosion-proof-devices-epds-compatible-hardware\\\/exrfid-tag\\\/\"]}]},{\"@type\":\"BreadcrumbList\",\"@id\":\"https:\\\/\\\/epds.hu\\\/en\\\/industrial-explosion-proof-devices-epds-compatible-hardware\\\/exrfid-tag\\\/#breadcrumb\",\"itemListElement\":[{\"@type\":\"ListItem\",\"position\":1,\"name\":\"Home\",\"item\":\"https:\\\/\\\/epds.hu\\\/en\\\/\"},{\"@type\":\"ListItem\",\"position\":2,\"name\":\"Devices\",\"item\":\"https:\\\/\\\/epds.hu\\\/en\\\/industrial-explosion-proof-devices-epds-compatible-hardware\\\/\"},{\"@type\":\"ListItem\",\"position\":3,\"name\":\"ExRFID Tag\"}]},{\"@type\":\"WebSite\",\"@id\":\"https:\\\/\\\/epds.hu\\\/en\\\/#website\",\"url\":\"https:\\\/\\\/epds.hu\\\/en\\\/\",\"name\":\"EPDS - Explosion Protection Documentation System\",\"description\":\"Explosion Protection Documentation System\",\"publisher\":{\"@id\":\"https:\\\/\\\/epds.hu\\\/en\\\/#organization\"},\"alternateName\":\"EPDS\",\"potentialAction\":[{\"@type\":\"SearchAction\",\"target\":{\"@type\":\"EntryPoint\",\"urlTemplate\":\"https:\\\/\\\/epds.hu\\\/en\\\/?s={search_term_string}\"},\"query-input\":{\"@type\":\"PropertyValueSpecification\",\"valueRequired\":true,\"valueName\":\"search_term_string\"}}],\"inLanguage\":\"en-US\"},{\"@type\":\"Organization\",\"@id\":\"https:\\\/\\\/epds.hu\\\/en\\\/#organization\",\"name\":\"EPDS\",\"url\":\"https:\\\/\\\/epds.hu\\\/en\\\/\",\"logo\":{\"@type\":\"ImageObject\",\"inLanguage\":\"en-US\",\"@id\":\"https:\\\/\\\/epds.hu\\\/en\\\/#\\\/schema\\\/logo\\\/image\\\/\",\"url\":\"https:\\\/\\\/epds.hu\\\/wp-content\\\/uploads\\\/2021\\\/06\\\/epds_logo_default.png\",\"contentUrl\":\"https:\\\/\\\/epds.hu\\\/wp-content\\\/uploads\\\/2021\\\/06\\\/epds_logo_default.png\",\"width\":140,\"height\":42,\"caption\":\"EPDS\"},\"image\":{\"@id\":\"https:\\\/\\\/epds.hu\\\/en\\\/#\\\/schema\\\/logo\\\/image\\\/\"},\"sameAs\":[\"https:\\\/\\\/www.facebook.com\\\/epdskft\",\"https:\\\/\\\/www.linkedin.com\\\/company\\\/epds-software-development-ltd.\"]}]}<\/script>\n<!-- \/ Yoast SEO plugin. -->","yoast_head_json":{"title":"ExRFID Tag - EPDS","robots":{"index":"index","follow":"follow","max-snippet":"max-snippet:-1","max-image-preview":"max-image-preview:large","max-video-preview":"max-video-preview:-1"},"canonical":"https:\/\/epds.hu\/en\/industrial-explosion-proof-devices-epds-compatible-hardware\/exrfid-tag\/","og_locale":"en_US","og_type":"article","og_title":"ExRFID Tag - EPDS","og_url":"https:\/\/epds.hu\/en\/industrial-explosion-proof-devices-epds-compatible-hardware\/exrfid-tag\/","og_site_name":"EPDS","article_publisher":"https:\/\/www.facebook.com\/epdskft","article_modified_time":"2021-06-09T18:10:29+00:00","twitter_card":"summary_large_image","twitter_misc":{"Est. reading time":"16 minutes"},"schema":{"@context":"https:\/\/schema.org","@graph":[{"@type":"WebPage","@id":"https:\/\/epds.hu\/en\/industrial-explosion-proof-devices-epds-compatible-hardware\/exrfid-tag\/","url":"https:\/\/epds.hu\/en\/industrial-explosion-proof-devices-epds-compatible-hardware\/exrfid-tag\/","name":"ExRFID Tag - EPDS","isPartOf":{"@id":"https:\/\/epds.hu\/en\/#website"},"datePublished":"2021-06-09T17:30:33+00:00","dateModified":"2021-06-09T18:10:29+00:00","breadcrumb":{"@id":"https:\/\/epds.hu\/en\/industrial-explosion-proof-devices-epds-compatible-hardware\/exrfid-tag\/#breadcrumb"},"inLanguage":"en-US","potentialAction":[{"@type":"ReadAction","target":["https:\/\/epds.hu\/en\/industrial-explosion-proof-devices-epds-compatible-hardware\/exrfid-tag\/"]}]},{"@type":"BreadcrumbList","@id":"https:\/\/epds.hu\/en\/industrial-explosion-proof-devices-epds-compatible-hardware\/exrfid-tag\/#breadcrumb","itemListElement":[{"@type":"ListItem","position":1,"name":"Home","item":"https:\/\/epds.hu\/en\/"},{"@type":"ListItem","position":2,"name":"Devices","item":"https:\/\/epds.hu\/en\/industrial-explosion-proof-devices-epds-compatible-hardware\/"},{"@type":"ListItem","position":3,"name":"ExRFID Tag"}]},{"@type":"WebSite","@id":"https:\/\/epds.hu\/en\/#website","url":"https:\/\/epds.hu\/en\/","name":"EPDS - Explosion Protection Documentation System","description":"Explosion Protection Documentation System","publisher":{"@id":"https:\/\/epds.hu\/en\/#organization"},"alternateName":"EPDS","potentialAction":[{"@type":"SearchAction","target":{"@type":"EntryPoint","urlTemplate":"https:\/\/epds.hu\/en\/?s={search_term_string}"},"query-input":{"@type":"PropertyValueSpecification","valueRequired":true,"valueName":"search_term_string"}}],"inLanguage":"en-US"},{"@type":"Organization","@id":"https:\/\/epds.hu\/en\/#organization","name":"EPDS","url":"https:\/\/epds.hu\/en\/","logo":{"@type":"ImageObject","inLanguage":"en-US","@id":"https:\/\/epds.hu\/en\/#\/schema\/logo\/image\/","url":"https:\/\/epds.hu\/wp-content\/uploads\/2021\/06\/epds_logo_default.png","contentUrl":"https:\/\/epds.hu\/wp-content\/uploads\/2021\/06\/epds_logo_default.png","width":140,"height":42,"caption":"EPDS"},"image":{"@id":"https:\/\/epds.hu\/en\/#\/schema\/logo\/image\/"},"sameAs":["https:\/\/www.facebook.com\/epdskft","https:\/\/www.linkedin.com\/company\/epds-software-development-ltd."]}]}},"_links":{"self":[{"href":"https:\/\/epds.hu\/en\/wp-json\/wp\/v2\/pages\/867","targetHints":{"allow":["GET"]}}],"collection":[{"href":"https:\/\/epds.hu\/en\/wp-json\/wp\/v2\/pages"}],"about":[{"href":"https:\/\/epds.hu\/en\/wp-json\/wp\/v2\/types\/page"}],"author":[{"embeddable":true,"href":"https:\/\/epds.hu\/en\/wp-json\/wp\/v2\/users\/5"}],"replies":[{"embeddable":true,"href":"https:\/\/epds.hu\/en\/wp-json\/wp\/v2\/comments?post=867"}],"version-history":[{"count":3,"href":"https:\/\/epds.hu\/en\/wp-json\/wp\/v2\/pages\/867\/revisions"}],"predecessor-version":[{"id":870,"href":"https:\/\/epds.hu\/en\/wp-json\/wp\/v2\/pages\/867\/revisions\/870"}],"up":[{"embeddable":true,"href":"https:\/\/epds.hu\/en\/wp-json\/wp\/v2\/pages\/645"}],"wp:attachment":[{"href":"https:\/\/epds.hu\/en\/wp-json\/wp\/v2\/media?parent=867"}],"curies":[{"name":"wp","href":"https:\/\/api.w.org\/{rel}","templated":true}]}}